{"id":874,"date":"2022-11-04T06:54:21","date_gmt":"2022-11-04T06:54:21","guid":{"rendered":"http:\/\/178.63.66.22\/?page_id=874"},"modified":"2026-01-15T14:44:18","modified_gmt":"2026-01-15T13:44:18","slug":"berater-fur-berater","status":"publish","type":"page","link":"https:\/\/wedding-partner.de\/en\/berater-fur-berater\/","title":{"rendered":"Adviser for advisers"},"content":{"rendered":"<div data-elementor-type=\"wp-page\" data-elementor-id=\"874\" class=\"elementor elementor-874\">\n\t\t\t\t\t\t<section class=\"has_eae_slider elementor-section elementor-top-section elementor-element elementor-element-c90e780 elementor-section-boxed elementor-section-height-default elementor-section-height-default\" data-eae-slider=\"20287\" data-id=\"c90e780\" data-element_type=\"section\" data-e-type=\"section\">\n\t\t\t\t\t\t<div class=\"elementor-container elementor-column-gap-default\">\n\t\t\t\t\t<div class=\"has_eae_slider elementor-column elementor-col-100 elementor-top-column elementor-element elementor-element-06ae0a6\" data-eae-slider=\"77539\" data-id=\"06ae0a6\" data-element_type=\"column\" data-e-type=\"column\">\n\t\t\t<div class=\"elementor-widget-wrap elementor-element-populated\">\n\t\t\t\t\t\t<section class=\"has_eae_slider elementor-section elementor-inner-section elementor-element elementor-element-462c2b1 uber-uns-two-text-block elementor-section-boxed elementor-section-height-default elementor-section-height-default\" data-eae-slider=\"22806\" data-id=\"462c2b1\" data-element_type=\"section\" data-e-type=\"section\">\n\t\t\t\t\t\t<div class=\"elementor-container elementor-column-gap-default\">\n\t\t\t\t\t<div class=\"has_eae_slider elementor-column elementor-col-100 elementor-inner-column elementor-element elementor-element-9989e9b\" data-eae-slider=\"27499\" data-id=\"9989e9b\" data-element_type=\"column\" data-e-type=\"column\">\n\t\t\t<div class=\"elementor-widget-wrap elementor-element-populated\">\n\t\t\t\t\t\t<div class=\"elementor-element elementor-element-436a533 elementor-widget elementor-widget-heading\" data-id=\"436a533\" data-element_type=\"widget\" data-e-type=\"widget\" data-widget_type=\"heading.default\">\n\t\t\t\t<div class=\"elementor-widget-container\">\n\t\t\t\t\t<h1 class=\"elementor-heading-title elementor-size-default\">ADVISERS FOR ADVISERS<\/h1>\t\t\t\t<\/div>\n\t\t\t\t<\/div>\n\t\t\t\t\t<\/div>\n\t\t<\/div>\n\t\t\t\t\t<\/div>\n\t\t<\/section>\n\t\t\t\t<section class=\"has_eae_slider elementor-section elementor-inner-section elementor-element elementor-element-3dbd800 uber-uns-two-text-block elementor-section-boxed elementor-section-height-default elementor-section-height-default\" data-eae-slider=\"68398\" data-id=\"3dbd800\" data-element_type=\"section\" data-e-type=\"section\">\n\t\t\t\t\t\t<div class=\"elementor-container elementor-column-gap-default\">\n\t\t\t\t\t<div class=\"has_eae_slider elementor-column elementor-col-100 elementor-inner-column elementor-element elementor-element-b2ce2ed\" data-eae-slider=\"82138\" data-id=\"b2ce2ed\" data-element_type=\"column\" data-e-type=\"column\">\n\t\t\t<div class=\"elementor-widget-wrap elementor-element-populated\">\n\t\t\t\t\t\t<div class=\"elementor-element elementor-element-b32b1f6 elementor-widget elementor-widget-heading\" data-id=\"b32b1f6\" data-element_type=\"widget\" data-e-type=\"widget\" data-widget_type=\"heading.default\">\n\t\t\t\t<div class=\"elementor-widget-container\">\n\t\t\t\t\t<h3 class=\"elementor-heading-title elementor-size-default\"> We support tax consultants in a collegial and solution-oriented manner<\/h3>\t\t\t\t<\/div>\n\t\t\t\t<\/div>\n\t\t\t\t<div class=\"elementor-element elementor-element-7e4454f elementor-widget elementor-widget-text-editor\" data-id=\"7e4454f\" data-element_type=\"widget\" data-e-type=\"widget\" data-widget_type=\"text-editor.default\">\n\t\t\t\t<div class=\"elementor-widget-container\">\n\t\t\t\t\t\t\t\t\t<div id=\"lipsum\"><p>Wedding &amp; Partner supports tax consultants in challenging and complex matters in a collegial and solution-oriented manner. As soon as you ask for support, we start to find a suitable solution for you! There is no standard with us. Regardless of whether you need tax advice for private individuals or companies, together we will find a way for you to master the challenges of your everyday tax work in the best possible way.<\/p><p>We offer you professional support in solving complex enquiries. This can be in form of a one-off opinion or on a temporary basis by accompanying projects. We act in the background or support you in communicating with the client or the tax office.<br \/>In addition, we also offer litigation before tax courts and support in proceedings before the Federal Fiscal Court.<\/p><p>If you are responsible for a larger project for the first time or for a one-off project, we can offer you our project management services and assist you in the smooth organisation of meeting all deadlines as well as the complete planning of your project.<\/p><p>If we have aroused your interest, please contact us for an initial consultation!<\/p><\/div>\t\t\t\t\t\t\t\t<\/div>\n\t\t\t\t<\/div>\n\t\t\t\t\t<\/div>\n\t\t<\/div>\n\t\t\t\t\t<\/div>\n\t\t<\/section>\n\t\t\t\t\t<\/div>\n\t\t<\/div>\n\t\t\t\t\t<\/div>\n\t\t<\/section>\n\t\t\t\t<\/div>","protected":false},"excerpt":{"rendered":"<p>BERATER F\u00dcR BERATER Wir unterst\u00fctzen Steuerberater kollegial und l\u00f6sungsorientiert Wedding &amp; Partner unterst\u00fctzt Steuerberater bei anspruchsvollen und komplexen Sachverhalten kollegial und l\u00f6sungsorientiert. Sobald Sie sich Unterst\u00fctzung w\u00fcnschen, fangen wir an f\u00fcr Sie eine passende L\u00f6sung zu finden! Standard gibt es bei uns nicht. Unabh\u00e4ngig, ob bei der steuerlichen Beratung von Privatpersonen oder Unternehmen, wir finden [&hellip;]<\/p>\n","protected":false},"author":4,"featured_media":0,"parent":0,"menu_order":0,"comment_status":"closed","ping_status":"closed","template":"","meta":{"_acf_changed":false,"footnotes":""},"class_list":["post-874","page","type-page","status-publish","hentry"],"acf":[],"_links":{"self":[{"href":"https:\/\/wedding-partner.de\/en\/wp-json\/wp\/v2\/pages\/874","targetHints":{"allow":["GET"]}}],"collection":[{"href":"https:\/\/wedding-partner.de\/en\/wp-json\/wp\/v2\/pages"}],"about":[{"href":"https:\/\/wedding-partner.de\/en\/wp-json\/wp\/v2\/types\/page"}],"author":[{"embeddable":true,"href":"https:\/\/wedding-partner.de\/en\/wp-json\/wp\/v2\/users\/4"}],"replies":[{"embeddable":true,"href":"https:\/\/wedding-partner.de\/en\/wp-json\/wp\/v2\/comments?post=874"}],"version-history":[{"count":20,"href":"https:\/\/wedding-partner.de\/en\/wp-json\/wp\/v2\/pages\/874\/revisions"}],"predecessor-version":[{"id":4020,"href":"https:\/\/wedding-partner.de\/en\/wp-json\/wp\/v2\/pages\/874\/revisions\/4020"}],"wp:attachment":[{"href":"https:\/\/wedding-partner.de\/en\/wp-json\/wp\/v2\/media?parent=874"}],"curies":[{"name":"wp","href":"https:\/\/api.w.org\/{rel}","templated":true}]}}